{"id":5823,"date":"2023-02-14T17:51:37","date_gmt":"2023-02-14T20:51:37","guid":{"rendered":"https:\/\/ato4.com\/?page_id=5823"},"modified":"2025-05-16T10:32:37","modified_gmt":"2025-05-16T13:32:37","slug":"termos-de-uso","status":"publish","type":"page","link":"https:\/\/ato4.com\/ar\/termos-de-uso\/","title":{"rendered":"\u0634\u0631\u0648\u0637 \u0627\u0644\u0627\u0633\u062a\u062e\u062f\u0627\u0645"},"content":{"rendered":"<h2>1. \u0627\u0644\u0634\u0631\u0648\u0637<\/h2>\n<p>Ao acessar o site <a class=\"\" href=\"https:\/\/ato4.com\/ar\/\" target=\"_blank\" rel=\"noopener\" data-start=\"383\" data-end=\"421\">ato4<\/a>, voc\u00ea concorda em cumprir estes <strong>Termos de Uso<\/strong>, bem como todas as leis e regulamentos aplic\u00e1veis. Declara tamb\u00e9m ser respons\u00e1vel pelo cumprimento das legisla\u00e7\u00f5es locais vigentes. Caso n\u00e3o concorde com algum dos termos aqui descritos, est\u00e1 proibido de utilizar ou acessar este site. Os materiais dispon\u00edveis neste site est\u00e3o protegidos pelas leis de direitos autorais e de marcas registradas aplic\u00e1veis.<\/p>\n<h2>2. Uso da Licen\u00e7a<\/h2>\n<p class=\"\" data-start=\"857\" data-end=\"1205\">\u00c9 concedida permiss\u00e3o para <strong data-start=\"884\" data-end=\"910\">baixar temporariamente<\/strong> uma c\u00f3pia dos materiais (informa\u00e7\u00f5es ou software) presentes no site <a class=\"\" href=\"https:\/\/ato4.com\/ar\/\" target=\"_new\" rel=\"noopener\" data-start=\"979\" data-end=\"1017\">ato4<\/a>, exclusivamente para visualiza\u00e7\u00e3o pessoal e transit\u00f3ria, sem fins comerciais. Esta \u00e9 uma concess\u00e3o de <strong data-start=\"1120\" data-end=\"1131\">licen\u00e7a<\/strong>, n\u00e3o uma transfer\u00eancia de propriedade. Sob esta licen\u00e7a, voc\u00ea n\u00e3o poder\u00e1:<\/p>\n<ul data-start=\"1207\" data-end=\"1603\">\n<li class=\"\" data-start=\"1207\" data-end=\"1242\">\n<p class=\"\" data-start=\"1209\" data-end=\"1242\">Modificar ou copiar os materiais;<\/p>\n<\/li>\n<li class=\"\" data-start=\"1243\" data-end=\"1327\">\n<p class=\"\" data-start=\"1245\" data-end=\"1327\">Utilizar os materiais para fins comerciais ou exibi\u00e7\u00e3o p\u00fablica (comercial ou n\u00e3o);<\/p>\n<\/li>\n<li class=\"\" data-start=\"1328\" data-end=\"1417\">\n<p class=\"\" data-start=\"1330\" data-end=\"1417\">Tentar descompilar ou realizar engenharia reversa de qualquer software contido no site;<\/p>\n<\/li>\n<li class=\"\" data-start=\"1418\" data-end=\"1518\">\n<p class=\"\" data-start=\"1420\" data-end=\"1518\">Remover quaisquer avisos de direitos autorais ou outras notifica\u00e7\u00f5es de propriedade dos materiais;<\/p>\n<\/li>\n<li class=\"\" data-start=\"1519\" data-end=\"1603\">\n<p class=\"\" data-start=\"1521\" data-end=\"1603\">Transferir os materiais a terceiros ou espelhar os conte\u00fados em outros servidores.<\/p>\n<\/li>\n<\/ul>\n<p class=\"\" data-start=\"1605\" data-end=\"1934\">Esta licen\u00e7a ser\u00e1 automaticamente encerrada caso voc\u00ea viole alguma dessas restri\u00e7\u00f5es e poder\u00e1 ser revogada a qualquer momento por <a class=\"\" href=\"https:\/\/ato4.com\/ar\/\" target=\"_new\" rel=\"noopener\" data-start=\"1735\" data-end=\"1773\">ato4<\/a>. Ao encerrar a visualiza\u00e7\u00e3o dos materiais ou ao t\u00e9rmino desta licen\u00e7a, voc\u00ea dever\u00e1 apagar todos os materiais baixados, tanto em formato digital quanto impresso.<\/p>\n<p data-start=\"1605\" data-end=\"1934\">\n<h2 data-start=\"1941\" data-end=\"1975\">3. Isen\u00e7\u00e3o de Responsabilidade<\/h2>\n<p class=\"\" data-start=\"1977\" data-end=\"2355\">Os materiais no site <a class=\"\" href=\"https:\/\/ato4.com\/ar\/\" target=\"_new\" rel=\"noopener\" data-start=\"1998\" data-end=\"2036\">ato4<\/a> s\u00e3o fornecidos \u201ccomo est\u00e3o\u201d. O site <strong data-start=\"2073\" data-end=\"2119\">n\u00e3o oferece garantias de qualquer natureza<\/strong>, expressas ou impl\u00edcitas, e se isenta de todas as demais garantias, incluindo, mas n\u00e3o se limitando a, garantias impl\u00edcitas de comercializa\u00e7\u00e3o, adequa\u00e7\u00e3o a um prop\u00f3sito espec\u00edfico ou n\u00e3o viola\u00e7\u00e3o de direitos de propriedade intelectual.<\/p>\n<p class=\"\" data-start=\"2357\" data-end=\"2546\">Al\u00e9m disso, <a class=\"\" href=\"https:\/\/ato4.com\/ar\/\" target=\"_new\" rel=\"noopener\" data-start=\"2369\" data-end=\"2407\">ato4<\/a>\u00a0<strong data-start=\"2408\" data-end=\"2474\">n\u00e3o garante a precis\u00e3o, confiabilidade ou resultados esperados<\/strong> do uso dos materiais dispon\u00edveis no site, bem como de sites vinculados.<\/p>\n<p data-start=\"2357\" data-end=\"2546\">\n<h2 data-start=\"2553\" data-end=\"2570\">4. \u0627\u0644\u0642\u064a\u0648\u062f<\/h2>\n<p class=\"\" data-start=\"2572\" data-end=\"2980\">Em nenhum caso o <a class=\"\" href=\"https:\/\/ato4.com\/ar\/\" target=\"_new\" rel=\"noopener\" data-start=\"2589\" data-end=\"2627\">ato4<\/a>\u00a0ou seus fornecedores ser\u00e3o respons\u00e1veis por quaisquer danos (incluindo, mas n\u00e3o se limitando a, perda de dados, lucros ou interrup\u00e7\u00e3o de neg\u00f3cios) resultantes do uso ou da impossibilidade de uso dos materiais dispon\u00edveis, mesmo que o site ou um representante autorizado tenha sido notificado, verbalmente ou por escrito, da possibilidade de tais danos.<\/p>\n<p class=\"\" data-start=\"2982\" data-end=\"3177\">Como algumas jurisdi\u00e7\u00f5es n\u00e3o permitem limita\u00e7\u00f5es de garantias impl\u00edcitas ou exclus\u00e3o de responsabilidade por danos consequenciais ou incidentais, tais limita\u00e7\u00f5es podem n\u00e3o se aplicar ao seu caso.<\/p>\n<p data-start=\"2982\" data-end=\"3177\">\n<h2>5. Precis\u00e3o dos Materiais<\/h2>\n<p>Os materiais exibidos no site podem conter <strong data-start=\"3258\" data-end=\"3306\">erros t\u00e9cnicos, tipogr\u00e1ficos ou fotogr\u00e1ficos<\/strong>. O <a class=\"\" href=\"https:\/\/ato4.com\/ar\/\" target=\"_new\" rel=\"noopener\" data-start=\"3310\" data-end=\"3348\">ato4<\/a>\u00a0n\u00e3o garante que os conte\u00fados publicados sejam precisos, completos ou atualizados. As informa\u00e7\u00f5es podem ser alteradas a qualquer momento, sem aviso pr\u00e9vio. No entanto, o site <strong data-start=\"3523\" data-end=\"3544\">n\u00e3o se compromete<\/strong> a atualizar os materiais periodicamente.<\/p>\n<h3>6. Links Externos<\/h3>\n<p>\u064a\u0627 <a class=\"\" href=\"https:\/\/ato4.com\/ar\/\" target=\"_new\" rel=\"noopener\" data-start=\"3617\" data-end=\"3655\">ato4<\/a><strong data-start=\"3656\" data-end=\"3681\">\u00a0n\u00e3o se responsabiliza<\/strong> pelo conte\u00fado de sites externos vinculados. A inclus\u00e3o de links n\u00e3o implica endosso ou aprova\u00e7\u00e3o por parte do site. O acesso a sites de terceiros \u00e9 de inteira responsabilidade do usu\u00e1rio.<\/p>\n<h3 class=\"\" data-start=\"3876\" data-end=\"3895\">7. Modifica\u00e7\u00f5es<\/h3>\n<p class=\"\" data-start=\"3897\" data-end=\"4120\">\u064a\u0627 <a class=\"\" href=\"https:\/\/ato4.com\/ar\/\" target=\"_new\" rel=\"noopener\" data-start=\"3899\" data-end=\"3937\">ato4<\/a> pode atualizar ou modificar estes Termos de Servi\u00e7o a qualquer momento, sem aviso pr\u00e9vio. Ao continuar utilizando o site, voc\u00ea concorda com a vers\u00e3o mais recente dos termos vigentes.<\/p>\n<p data-start=\"3897\" data-end=\"4120\">\n<h3 class=\"\" data-start=\"4127\" data-end=\"4147\">8. Lei Aplic\u00e1vel<\/h3>\n<p class=\"\" data-start=\"4149\" data-end=\"4389\">Estes termos ser\u00e3o regidos e interpretados de acordo com as leis vigentes no local de opera\u00e7\u00e3o do site <a class=\"\" href=\"https:\/\/ato4.com\/ar\/\" target=\"_new\" rel=\"noopener\" data-start=\"4252\" data-end=\"4290\">ato4<\/a>, e voc\u00ea concorda em se submeter \u00e0 jurisdi\u00e7\u00e3o exclusiva dos tribunais competentes dessa localidade.<\/p>","protected":false},"excerpt":{"rendered":"<p>1. Termos Ao acessar o site ato4, voc\u00ea concorda em cumprir estes Termos de Uso, bem como todas as leis e regulamentos aplic\u00e1veis. Declara tamb\u00e9m ser respons\u00e1vel pelo cumprimento das legisla\u00e7\u00f5es locais vigentes. Caso n\u00e3o concorde com algum dos termos aqui descritos, est\u00e1 proibido de &hellip; <\/p>","protected":false},"author":8,"featured_media":0,"parent":0,"menu_order":0,"comment_status":"closed","ping_status":"closed","template":"","meta":{"footnotes":""},"class_list":["post-5823","page","type-page","status-publish","hentry","fadeIn","image-hover-transition-effect","latest_post"],"yoast_head":"<!-- This site is optimized with the Yoast SEO plugin v27.3 - https:\/\/yoast.com\/product\/yoast-seo-wordpress\/ -->\n<title>Termos de Uso | ATO4<\/title>\n<meta name=\"description\" content=\"Conhe\u00e7a os nossos Termos de Uso e saiba suas responsabilidades, direitos, uso de conte\u00fados e regras legais para navega\u00e7\u00e3o segura.\" \/>\n<meta name=\"robots\" content=\"index, follow, max-snippet:-1, max-image-preview:large, max-video-preview:-1\" \/>\n<link rel=\"canonical\" href=\"https:\/\/ato4.com\/ar\/termos-de-uso\/\" \/>\n<meta property=\"og:locale\" content=\"ar_AR\" \/>\n<meta property=\"og:type\" content=\"article\" \/>\n<meta property=\"og:title\" content=\"Termos de Uso | ATO4\" \/>\n<meta property=\"og:description\" content=\"Conhe\u00e7a os nossos Termos de Uso e saiba suas responsabilidades, direitos, uso de conte\u00fados e regras legais para navega\u00e7\u00e3o segura.\" \/>\n<meta property=\"og:url\" content=\"https:\/\/ato4.com\/ar\/termos-de-uso\/\" \/>\n<meta property=\"og:site_name\" content=\"Ato online\" \/>\n<meta property=\"article:modified_time\" content=\"2025-05-16T13:32:37+00:00\" \/>\n<meta name=\"twitter:card\" content=\"summary_large_image\" \/>\n<meta name=\"twitter:label1\" content=\"\u0648\u0642\u062a \u0627\u0644\u0642\u0631\u0627\u0621\u0629 \u0627\u0644\u0645\u064f\u0642\u062f\u0651\u0631\" \/>\n\t<meta name=\"twitter:data1\" content=\"3 \u062f\u0642\u0627\u0626\u0642\" \/>\n<script type=\"application\/ld+json\" class=\"yoast-schema-graph\">{\"@context\":\"https:\\\/\\\/schema.org\",\"@graph\":[{\"@type\":\"WebPage\",\"@id\":\"https:\\\/\\\/ato4.com\\\/termos-de-uso\\\/\",\"url\":\"https:\\\/\\\/ato4.com\\\/termos-de-uso\\\/\",\"name\":\"Termos de Uso | ATO4\",\"isPartOf\":{\"@id\":\"https:\\\/\\\/ato4.com\\\/#website\"},\"datePublished\":\"2023-02-14T20:51:37+00:00\",\"dateModified\":\"2025-05-16T13:32:37+00:00\",\"description\":\"Conhe\u00e7a os nossos Termos de Uso e saiba suas responsabilidades, direitos, uso de conte\u00fados e regras legais para navega\u00e7\u00e3o segura.\",\"breadcrumb\":{\"@id\":\"https:\\\/\\\/ato4.com\\\/termos-de-uso\\\/#breadcrumb\"},\"inLanguage\":\"ar\",\"potentialAction\":[{\"@type\":\"ReadAction\",\"target\":[\"https:\\\/\\\/ato4.com\\\/termos-de-uso\\\/\"]}]},{\"@type\":\"BreadcrumbList\",\"@id\":\"https:\\\/\\\/ato4.com\\\/termos-de-uso\\\/#breadcrumb\",\"itemListElement\":[{\"@type\":\"ListItem\",\"position\":1,\"name\":\"Home\",\"item\":\"https:\\\/\\\/ato4.com\\\/\"},{\"@type\":\"ListItem\",\"position\":2,\"name\":\"Termos de uso\"}]},{\"@type\":\"WebSite\",\"@id\":\"https:\\\/\\\/ato4.com\\\/#website\",\"url\":\"https:\\\/\\\/ato4.com\\\/\",\"name\":\"Ato online\",\"description\":\"\",\"publisher\":{\"@id\":\"https:\\\/\\\/ato4.com\\\/#organization\"},\"potentialAction\":[{\"@type\":\"SearchAction\",\"target\":{\"@type\":\"EntryPoint\",\"urlTemplate\":\"https:\\\/\\\/ato4.com\\\/?s={search_term_string}\"},\"query-input\":{\"@type\":\"PropertyValueSpecification\",\"valueRequired\":true,\"valueName\":\"search_term_string\"}}],\"inLanguage\":\"ar\"},{\"@type\":\"Organization\",\"@id\":\"https:\\\/\\\/ato4.com\\\/#organization\",\"name\":\"Ato online\",\"url\":\"https:\\\/\\\/ato4.com\\\/\",\"logo\":{\"@type\":\"ImageObject\",\"inLanguage\":\"ar\",\"@id\":\"https:\\\/\\\/ato4.com\\\/#\\\/schema\\\/logo\\\/image\\\/\",\"url\":\"https:\\\/\\\/ato4.com\\\/wp-content\\\/uploads\\\/2024\\\/01\\\/cropped-ato.png\",\"contentUrl\":\"https:\\\/\\\/ato4.com\\\/wp-content\\\/uploads\\\/2024\\\/01\\\/cropped-ato.png\",\"width\":500,\"height\":344,\"caption\":\"Ato online \"},\"image\":{\"@id\":\"https:\\\/\\\/ato4.com\\\/#\\\/schema\\\/logo\\\/image\\\/\"}}]}<\/script>\n<!-- \/ Yoast SEO plugin. -->","yoast_head_json":{"title":"Termos de Uso | ATO4","description":"Conhe\u00e7a os nossos Termos de Uso e saiba suas responsabilidades, direitos, uso de conte\u00fados e regras legais para navega\u00e7\u00e3o segura.","robots":{"index":"index","follow":"follow","max-snippet":"max-snippet:-1","max-image-preview":"max-image-preview:large","max-video-preview":"max-video-preview:-1"},"canonical":"https:\/\/ato4.com\/ar\/termos-de-uso\/","og_locale":"ar_AR","og_type":"article","og_title":"Termos de Uso | ATO4","og_description":"Conhe\u00e7a os nossos Termos de Uso e saiba suas responsabilidades, direitos, uso de conte\u00fados e regras legais para navega\u00e7\u00e3o segura.","og_url":"https:\/\/ato4.com\/ar\/termos-de-uso\/","og_site_name":"Ato online","article_modified_time":"2025-05-16T13:32:37+00:00","twitter_card":"summary_large_image","twitter_misc":{"\u0648\u0642\u062a \u0627\u0644\u0642\u0631\u0627\u0621\u0629 \u0627\u0644\u0645\u064f\u0642\u062f\u0651\u0631":"3 \u062f\u0642\u0627\u0626\u0642"},"schema":{"@context":"https:\/\/schema.org","@graph":[{"@type":"WebPage","@id":"https:\/\/ato4.com\/termos-de-uso\/","url":"https:\/\/ato4.com\/termos-de-uso\/","name":"Termos de Uso | ATO4","isPartOf":{"@id":"https:\/\/ato4.com\/#website"},"datePublished":"2023-02-14T20:51:37+00:00","dateModified":"2025-05-16T13:32:37+00:00","description":"Conhe\u00e7a os nossos Termos de Uso e saiba suas responsabilidades, direitos, uso de conte\u00fados e regras legais para navega\u00e7\u00e3o segura.","breadcrumb":{"@id":"https:\/\/ato4.com\/termos-de-uso\/#breadcrumb"},"inLanguage":"ar","potentialAction":[{"@type":"ReadAction","target":["https:\/\/ato4.com\/termos-de-uso\/"]}]},{"@type":"BreadcrumbList","@id":"https:\/\/ato4.com\/termos-de-uso\/#breadcrumb","itemListElement":[{"@type":"ListItem","position":1,"name":"Home","item":"https:\/\/ato4.com\/"},{"@type":"ListItem","position":2,"name":"Termos de uso"}]},{"@type":"WebSite","@id":"https:\/\/ato4.com\/#website","url":"https:\/\/ato4.com\/","name":"\u0627\u0644\u062a\u0635\u0631\u0641 \u0639\u0628\u0631 \u0627\u0644\u0625\u0646\u062a\u0631\u0646\u062a","description":"","publisher":{"@id":"https:\/\/ato4.com\/#organization"},"potentialAction":[{"@type":"SearchAction","target":{"@type":"EntryPoint","urlTemplate":"https:\/\/ato4.com\/?s={search_term_string}"},"query-input":{"@type":"PropertyValueSpecification","valueRequired":true,"valueName":"search_term_string"}}],"inLanguage":"ar"},{"@type":"Organization","@id":"https:\/\/ato4.com\/#organization","name":"\u0627\u0644\u062a\u0635\u0631\u0641 \u0639\u0628\u0631 \u0627\u0644\u0625\u0646\u062a\u0631\u0646\u062a","url":"https:\/\/ato4.com\/","logo":{"@type":"ImageObject","inLanguage":"ar","@id":"https:\/\/ato4.com\/#\/schema\/logo\/image\/","url":"https:\/\/ato4.com\/wp-content\/uploads\/2024\/01\/cropped-ato.png","contentUrl":"https:\/\/ato4.com\/wp-content\/uploads\/2024\/01\/cropped-ato.png","width":500,"height":344,"caption":"Ato online "},"image":{"@id":"https:\/\/ato4.com\/#\/schema\/logo\/image\/"}}]}},"_links":{"self":[{"href":"https:\/\/ato4.com\/ar\/wp-json\/wp\/v2\/pages\/5823","targetHints":{"allow":["GET"]}}],"collection":[{"href":"https:\/\/ato4.com\/ar\/wp-json\/wp\/v2\/pages"}],"about":[{"href":"https:\/\/ato4.com\/ar\/wp-json\/wp\/v2\/types\/page"}],"author":[{"embeddable":true,"href":"https:\/\/ato4.com\/ar\/wp-json\/wp\/v2\/users\/8"}],"replies":[{"embeddable":true,"href":"https:\/\/ato4.com\/ar\/wp-json\/wp\/v2\/comments?post=5823"}],"version-history":[{"count":2,"href":"https:\/\/ato4.com\/ar\/wp-json\/wp\/v2\/pages\/5823\/revisions"}],"predecessor-version":[{"id":9776,"href":"https:\/\/ato4.com\/ar\/wp-json\/wp\/v2\/pages\/5823\/revisions\/9776"}],"wp:attachment":[{"href":"https:\/\/ato4.com\/ar\/wp-json\/wp\/v2\/media?parent=5823"}],"curies":[{"name":"wp","href":"https:\/\/api.w.org\/{rel}","templated":true}]}}