{"id":3,"date":"2021-05-24T17:33:31","date_gmt":"2021-05-24T20:33:31","guid":{"rendered":"https:\/\/ato4.com\/?page_id=3"},"modified":"2025-05-15T08:19:24","modified_gmt":"2025-05-15T11:19:24","slug":"politica-de-privacidade","status":"publish","type":"page","link":"https:\/\/ato4.com\/de\/politica-de-privacidade\/","title":{"rendered":"Datenschutzrichtlinie"},"content":{"rendered":"<h2><span style=\"color: #444444;\">Datenschutzrichtlinie<\/span><\/h2>\n<p class=\"\" data-start=\"353\" data-end=\"399\">A sua privacidade \u00e9 muito importante para n\u00f3s.<\/p>\n<p class=\"\" data-start=\"401\" data-end=\"619\">Esta Pol\u00edtica de Privacidade explica como o site <strong><a class=\"\" href=\"https:\/\/ato4.com\/de\/\" target=\"_blank\" rel=\"noopener\" data-start=\"450\" data-end=\"486\">https:\/\/ato4.com<\/a><\/strong> coleta, usa e protege suas informa\u00e7\u00f5es pessoais. Ao continuar navegando pelo nosso site, voc\u00ea concorda com os termos descritos aqui.<\/p>\n<h3>Coleta de Informa\u00e7\u00f5es<\/h3>\n<p class=\"\" data-start=\"653\" data-end=\"830\">Solicitamos informa\u00e7\u00f5es pessoais apenas quando realmente precisamos para fornecer um servi\u00e7o. Fazemos isso de forma justa, legal e sempre com o seu conhecimento e consentimento.<\/p>\n<p class=\"\" data-start=\"832\" data-end=\"858\">Voc\u00ea ser\u00e1 informado sobre:<\/p>\n<ul data-start=\"859\" data-end=\"935\">\n<li class=\"\" data-start=\"859\" data-end=\"905\">\n<p class=\"\" data-start=\"861\" data-end=\"905\">Por que estamos coletando essas informa\u00e7\u00f5es.<\/p>\n<\/li>\n<li class=\"\" data-start=\"906\" data-end=\"935\">\n<p class=\"\" data-start=\"908\" data-end=\"935\">Como elas ser\u00e3o utilizadas.<\/p>\n<\/li>\n<\/ul>\n<h3>Armazenamento e Prote\u00e7\u00e3o de Dados<\/h3>\n<p class=\"\" data-start=\"981\" data-end=\"1072\">Mantemos os dados pessoais apenas pelo tempo necess\u00e1rio para oferecer o servi\u00e7o solicitado.<\/p>\n<p class=\"\" data-start=\"1074\" data-end=\"1105\">Quando armazenamos informa\u00e7\u00f5es:<\/p>\n<ul data-start=\"1106\" data-end=\"1279\">\n<li class=\"\" data-start=\"1106\" data-end=\"1166\">\n<p class=\"\" data-start=\"1108\" data-end=\"1166\">Utilizamos medidas de seguran\u00e7a comercialmente aceit\u00e1veis.<\/p>\n<\/li>\n<li class=\"\" data-start=\"1167\" data-end=\"1279\">\n<p class=\"\" data-start=\"1169\" data-end=\"1279\">Protegemos contra perda, roubo, acesso n\u00e3o autorizado, divulga\u00e7\u00e3o, c\u00f3pia, uso indevido ou altera\u00e7\u00e3o dos dados.<\/p>\n<\/li>\n<\/ul>\n<h3>Compartilhamento de Informa\u00e7\u00f5es<\/h3>\n<p>N\u00e3o compartilhamos dados pessoais com terceiros, exceto quando exigido por lei.<\/p>\n<h3>Links para Sites Externos<\/h3>\n<p class=\"\" data-start=\"1440\" data-end=\"1518\">Nosso site pode conter links para sites externos que n\u00e3o s\u00e3o operados por n\u00f3s.<\/p>\n<p class=\"\" data-start=\"1520\" data-end=\"1612\"><strong data-start=\"1520\" data-end=\"1532\">Aten\u00e7\u00e3o:<\/strong> n\u00e3o somos respons\u00e1veis pelas pol\u00edticas de privacidade ou conte\u00fado desses sites.<\/p>\n<h3>Uso de Cookies<\/h3>\n<p class=\"\" data-start=\"1639\" data-end=\"1775\">Utilizamos cookies para melhorar sua experi\u00eancia no site. Ao continuar navegando, voc\u00ea aceita o uso de cookies conforme descrito abaixo.<\/p>\n<h4 class=\"\" data-start=\"1777\" data-end=\"1810\">Publicidade e Google AdSense<\/h4>\n<ul data-start=\"1812\" data-end=\"2158\">\n<li class=\"\" data-start=\"1812\" data-end=\"1927\">\n<p class=\"\" data-start=\"1814\" data-end=\"1927\">Usamos o servi\u00e7o <strong data-start=\"1831\" data-end=\"1849\">Google AdSense<\/strong>, que pode usar o <strong data-start=\"1867\" data-end=\"1889\">cookie DoubleClick<\/strong> para exibir an\u00fancios mais relevantes.<\/p>\n<\/li>\n<li class=\"\" data-start=\"1928\" data-end=\"2012\">\n<p class=\"\" data-start=\"1930\" data-end=\"2012\">Esses cookies ajudam a limitar o n\u00famero de vezes que um an\u00fancio \u00e9 mostrado a voc\u00ea.<\/p>\n<\/li>\n<li class=\"\" data-start=\"2013\" data-end=\"2158\">\n<p class=\"\" data-start=\"2015\" data-end=\"2158\">Para mais informa\u00e7\u00f5es, acesse as <strong><a class=\"cursor-pointer\" href=\"https:\/\/support.google.com\/adsense\/answer\/48182?hl=pt-BR\" target=\"_blank\" rel=\"noopener\" data-start=\"2048\" data-end=\"2157\">FAQs oficiais sobre privacidade do Google AdSense<\/a><\/strong>.<\/p>\n<\/li>\n<\/ul>\n<h4 class=\"\" data-start=\"2160\" data-end=\"2185\">Cookies de Afiliados<\/h4>\n<ul data-start=\"2187\" data-end=\"2410\">\n<li class=\"\" data-start=\"2187\" data-end=\"2235\">\n<p class=\"\" data-start=\"2189\" data-end=\"2235\">Alguns parceiros podem anunciar em nosso nome.<\/p>\n<\/li>\n<li class=\"\" data-start=\"2236\" data-end=\"2346\">\n<p class=\"\" data-start=\"2238\" data-end=\"2346\">Cookies de rastreamento de afiliados ajudam a identificar se voc\u00ea acessou nosso site atrav\u00e9s de um parceiro.<\/p>\n<\/li>\n<li class=\"\" data-start=\"2347\" data-end=\"2410\">\n<p class=\"\" data-start=\"2349\" data-end=\"2410\">Isso nos permite atribuir corretamente comiss\u00f5es e promo\u00e7\u00f5es.<\/p>\n<\/li>\n<\/ul>\n<h3>Benutzerverpflichtung<\/h3>\n<p class=\"\" data-start=\"2445\" data-end=\"2482\">Ao usar nosso site, voc\u00ea concorda em:<\/p>\n<p class=\"\" data-start=\"2484\" data-end=\"2787\">A) N\u00e3o realizar atividades ilegais ou contr\u00e1rias \u00e0 boa f\u00e9 e \u00e0 ordem p\u00fablica.<br data-start=\"2560\" data-end=\"2563\" \/>B) N\u00e3o divulgar conte\u00fados ofensivos, discriminat\u00f3rios, de jogos de azar, pornografia ilegal, apologia ao terrorismo ou que violem direitos humanos.<br data-start=\"2710\" data-end=\"2713\" \/>C) N\u00e3o causar danos ao site ou tentar inserir v\u00edrus e sistemas maliciosos.<\/p>\n<h3>Seus Direitos<\/h3>\n<p>Voc\u00ea pode recusar o fornecimento de dados pessoais, mas isso pode limitar o acesso a algumas funcionalidades do site.<\/p>\n<h3>Atualiza\u00e7\u00f5es e Contato<\/h3>\n<p class=\"\" data-start=\"2965\" data-end=\"3075\">Esta pol\u00edtica pode ser atualizada periodicamente. A vers\u00e3o mais recente estar\u00e1 sempre dispon\u00edvel nesta p\u00e1gina.<\/p>\n<p class=\"\" data-start=\"3077\" data-end=\"3143\"><strong data-start=\"3077\" data-end=\"3108\">Data da \u00faltima atualiza\u00e7\u00e3o:<\/strong> 14 de fevereiro de 2023, \u00e0s 20:50.<\/p>\n<p class=\"\" data-start=\"3145\" data-end=\"3222\">Se tiver d\u00favidas sobre como lidamos com seus dados, entre em contato conosco.<\/p>","protected":false},"excerpt":{"rendered":"<p>Pol\u00edtica Privacidade A sua privacidade \u00e9 muito importante para n\u00f3s. Esta Pol\u00edtica de Privacidade explica como o site https:\/\/ato4.com coleta, usa e protege suas informa\u00e7\u00f5es pessoais. Ao continuar navegando pelo nosso site, voc\u00ea concorda com os termos descritos aqui. Coleta de Informa\u00e7\u00f5es Solicitamos informa\u00e7\u00f5es pessoais &hellip; <\/p>","protected":false},"author":8,"featured_media":0,"parent":0,"menu_order":0,"comment_status":"closed","ping_status":"closed","template":"","meta":{"footnotes":""},"class_list":["post-3","page","type-page","status-publish","hentry","fadeIn","image-hover-transition-effect","latest_post"],"yoast_head":"<!-- This site is optimized with the Yoast SEO plugin v27.3 - https:\/\/yoast.com\/product\/yoast-seo-wordpress\/ -->\n<title>Pol\u00edtica de Privacidade | ATO4<\/title>\n<meta name=\"description\" content=\"Saiba como o site ato4 coleta, armazena e protege seus dados pessoais. Leia nossa pol\u00edtica de privacidade completa e navegue com seguran\u00e7a.\" \/>\n<meta name=\"robots\" content=\"index, follow, max-snippet:-1, max-image-preview:large, max-video-preview:-1\" \/>\n<link rel=\"canonical\" href=\"https:\/\/ato4.com\/de\/politica-de-privacidade\/\" \/>\n<meta property=\"og:locale\" content=\"de_DE\" \/>\n<meta property=\"og:type\" content=\"article\" \/>\n<meta property=\"og:title\" content=\"Pol\u00edtica de Privacidade | ATO4\" \/>\n<meta property=\"og:description\" content=\"Saiba como o site ato4 coleta, armazena e protege seus dados pessoais. Leia nossa pol\u00edtica de privacidade completa e navegue com seguran\u00e7a.\" \/>\n<meta property=\"og:url\" content=\"https:\/\/ato4.com\/de\/politica-de-privacidade\/\" \/>\n<meta property=\"og:site_name\" content=\"Ato online\" \/>\n<meta property=\"article:modified_time\" content=\"2025-05-15T11:19:24+00:00\" \/>\n<meta name=\"twitter:card\" content=\"summary_large_image\" \/>\n<meta name=\"twitter:label1\" content=\"Gesch\u00e4tzte Lesezeit\" \/>\n\t<meta name=\"twitter:data1\" content=\"3\u00a0Minuten\" \/>\n<script type=\"application\/ld+json\" class=\"yoast-schema-graph\">{\"@context\":\"https:\\\/\\\/schema.org\",\"@graph\":[{\"@type\":\"WebPage\",\"@id\":\"https:\\\/\\\/ato4.com\\\/politica-de-privacidade\\\/\",\"url\":\"https:\\\/\\\/ato4.com\\\/politica-de-privacidade\\\/\",\"name\":\"Pol\u00edtica de Privacidade | ATO4\",\"isPartOf\":{\"@id\":\"https:\\\/\\\/ato4.com\\\/#website\"},\"datePublished\":\"2021-05-24T20:33:31+00:00\",\"dateModified\":\"2025-05-15T11:19:24+00:00\",\"description\":\"Saiba como o site ato4 coleta, armazena e protege seus dados pessoais. Leia nossa pol\u00edtica de privacidade completa e navegue com seguran\u00e7a.\",\"breadcrumb\":{\"@id\":\"https:\\\/\\\/ato4.com\\\/politica-de-privacidade\\\/#breadcrumb\"},\"inLanguage\":\"de\",\"potentialAction\":[{\"@type\":\"ReadAction\",\"target\":[\"https:\\\/\\\/ato4.com\\\/politica-de-privacidade\\\/\"]}]},{\"@type\":\"BreadcrumbList\",\"@id\":\"https:\\\/\\\/ato4.com\\\/politica-de-privacidade\\\/#breadcrumb\",\"itemListElement\":[{\"@type\":\"ListItem\",\"position\":1,\"name\":\"Home\",\"item\":\"https:\\\/\\\/ato4.com\\\/\"},{\"@type\":\"ListItem\",\"position\":2,\"name\":\"Pol\u00edtica de Privacidade\"}]},{\"@type\":\"WebSite\",\"@id\":\"https:\\\/\\\/ato4.com\\\/#website\",\"url\":\"https:\\\/\\\/ato4.com\\\/\",\"name\":\"Ato online\",\"description\":\"\",\"publisher\":{\"@id\":\"https:\\\/\\\/ato4.com\\\/#organization\"},\"potentialAction\":[{\"@type\":\"SearchAction\",\"target\":{\"@type\":\"EntryPoint\",\"urlTemplate\":\"https:\\\/\\\/ato4.com\\\/?s={search_term_string}\"},\"query-input\":{\"@type\":\"PropertyValueSpecification\",\"valueRequired\":true,\"valueName\":\"search_term_string\"}}],\"inLanguage\":\"de\"},{\"@type\":\"Organization\",\"@id\":\"https:\\\/\\\/ato4.com\\\/#organization\",\"name\":\"Ato online\",\"url\":\"https:\\\/\\\/ato4.com\\\/\",\"logo\":{\"@type\":\"ImageObject\",\"inLanguage\":\"de\",\"@id\":\"https:\\\/\\\/ato4.com\\\/#\\\/schema\\\/logo\\\/image\\\/\",\"url\":\"https:\\\/\\\/ato4.com\\\/wp-content\\\/uploads\\\/2024\\\/01\\\/cropped-ato.png\",\"contentUrl\":\"https:\\\/\\\/ato4.com\\\/wp-content\\\/uploads\\\/2024\\\/01\\\/cropped-ato.png\",\"width\":500,\"height\":344,\"caption\":\"Ato online \"},\"image\":{\"@id\":\"https:\\\/\\\/ato4.com\\\/#\\\/schema\\\/logo\\\/image\\\/\"}}]}<\/script>\n<!-- \/ Yoast SEO plugin. -->","yoast_head_json":{"title":"Pol\u00edtica de Privacidade | ATO4","description":"Saiba como o site ato4 coleta, armazena e protege seus dados pessoais. Leia nossa pol\u00edtica de privacidade completa e navegue com seguran\u00e7a.","robots":{"index":"index","follow":"follow","max-snippet":"max-snippet:-1","max-image-preview":"max-image-preview:large","max-video-preview":"max-video-preview:-1"},"canonical":"https:\/\/ato4.com\/de\/politica-de-privacidade\/","og_locale":"de_DE","og_type":"article","og_title":"Pol\u00edtica de Privacidade | ATO4","og_description":"Saiba como o site ato4 coleta, armazena e protege seus dados pessoais. Leia nossa pol\u00edtica de privacidade completa e navegue com seguran\u00e7a.","og_url":"https:\/\/ato4.com\/de\/politica-de-privacidade\/","og_site_name":"Ato online","article_modified_time":"2025-05-15T11:19:24+00:00","twitter_card":"summary_large_image","twitter_misc":{"Gesch\u00e4tzte Lesezeit":"3\u00a0Minuten"},"schema":{"@context":"https:\/\/schema.org","@graph":[{"@type":"WebPage","@id":"https:\/\/ato4.com\/politica-de-privacidade\/","url":"https:\/\/ato4.com\/politica-de-privacidade\/","name":"Pol\u00edtica de Privacidade | ATO4","isPartOf":{"@id":"https:\/\/ato4.com\/#website"},"datePublished":"2021-05-24T20:33:31+00:00","dateModified":"2025-05-15T11:19:24+00:00","description":"Saiba como o site ato4 coleta, armazena e protege seus dados pessoais. Leia nossa pol\u00edtica de privacidade completa e navegue com seguran\u00e7a.","breadcrumb":{"@id":"https:\/\/ato4.com\/politica-de-privacidade\/#breadcrumb"},"inLanguage":"de","potentialAction":[{"@type":"ReadAction","target":["https:\/\/ato4.com\/politica-de-privacidade\/"]}]},{"@type":"BreadcrumbList","@id":"https:\/\/ato4.com\/politica-de-privacidade\/#breadcrumb","itemListElement":[{"@type":"ListItem","position":1,"name":"Home","item":"https:\/\/ato4.com\/"},{"@type":"ListItem","position":2,"name":"Pol\u00edtica de Privacidade"}]},{"@type":"WebSite","@id":"https:\/\/ato4.com\/#website","url":"https:\/\/ato4.com\/","name":"Online-Akt","description":"","publisher":{"@id":"https:\/\/ato4.com\/#organization"},"potentialAction":[{"@type":"SearchAction","target":{"@type":"EntryPoint","urlTemplate":"https:\/\/ato4.com\/?s={search_term_string}"},"query-input":{"@type":"PropertyValueSpecification","valueRequired":true,"valueName":"search_term_string"}}],"inLanguage":"de"},{"@type":"Organization","@id":"https:\/\/ato4.com\/#organization","name":"Online-Akt","url":"https:\/\/ato4.com\/","logo":{"@type":"ImageObject","inLanguage":"de","@id":"https:\/\/ato4.com\/#\/schema\/logo\/image\/","url":"https:\/\/ato4.com\/wp-content\/uploads\/2024\/01\/cropped-ato.png","contentUrl":"https:\/\/ato4.com\/wp-content\/uploads\/2024\/01\/cropped-ato.png","width":500,"height":344,"caption":"Ato online "},"image":{"@id":"https:\/\/ato4.com\/#\/schema\/logo\/image\/"}}]}},"_links":{"self":[{"href":"https:\/\/ato4.com\/de\/wp-json\/wp\/v2\/pages\/3","targetHints":{"allow":["GET"]}}],"collection":[{"href":"https:\/\/ato4.com\/de\/wp-json\/wp\/v2\/pages"}],"about":[{"href":"https:\/\/ato4.com\/de\/wp-json\/wp\/v2\/types\/page"}],"author":[{"embeddable":true,"href":"https:\/\/ato4.com\/de\/wp-json\/wp\/v2\/users\/8"}],"replies":[{"embeddable":true,"href":"https:\/\/ato4.com\/de\/wp-json\/wp\/v2\/comments?post=3"}],"version-history":[{"count":6,"href":"https:\/\/ato4.com\/de\/wp-json\/wp\/v2\/pages\/3\/revisions"}],"predecessor-version":[{"id":9738,"href":"https:\/\/ato4.com\/de\/wp-json\/wp\/v2\/pages\/3\/revisions\/9738"}],"wp:attachment":[{"href":"https:\/\/ato4.com\/de\/wp-json\/wp\/v2\/media?parent=3"}],"curies":[{"name":"wp","href":"https:\/\/api.w.org\/{rel}","templated":true}]}}