{"id":2,"date":"2021-05-24T17:33:31","date_gmt":"2021-05-24T17:33:31","guid":{"rendered":"https:\/\/ato4.com\/?page_id=2"},"modified":"2025-05-15T08:25:19","modified_gmt":"2025-05-15T11:25:19","slug":"quem-somos","status":"publish","type":"page","link":"https:\/\/ato4.com\/el\/quem-somos\/","title":{"rendered":"\u03a0\u03bf\u03b9\u03bf\u03b9 \u03b5\u03af\u03bc\u03b1\u03c3\u03c4\u03b5"},"content":{"rendered":"<p data-start=\"219\" data-end=\"409\">\u0395\u039d\u0391 <strong data-start=\"221\" data-end=\"229\">Ato4<\/strong> \u00e9 uma plataforma especializada em conte\u00fados automotivos que tem como miss\u00e3o <strong data-start=\"306\" data-end=\"339\">informar, inspirar e orientar<\/strong> apaixonados por carros e consumidores em busca das melhores escolhas.<\/p>\n<p data-start=\"411\" data-end=\"733\">Criamos um espa\u00e7o onde <strong data-start=\"434\" data-end=\"499\">tecnologia, mobilidade, inova\u00e7\u00e3o e estilo de vida sobre rodas<\/strong> se encontram. Aqui, voc\u00ea encontra artigos completos sobre <strong data-start=\"558\" data-end=\"660\">lan\u00e7amentos, carros el\u00e9tricos, esportivos, de passeio, tend\u00eancias de mercado e dicas de manuten\u00e7\u00e3o<\/strong>.<\/p>\n<p data-start=\"735\" data-end=\"980\">Acreditamos que informa\u00e7\u00e3o de qualidade ajuda voc\u00ea a dirigir melhor, economizar mais e fazer escolhas mais inteligentes, seja para comprar, cuidar ou apenas admirar um bom carro.<\/p>\n<p data-start=\"982\" data-end=\"1070\"><strong data-start=\"982\" data-end=\"1025\">Explore. Descubra. Acelere com a gente!<\/strong><\/p>","protected":false},"excerpt":{"rendered":"<p>A Ato4 \u00e9 uma plataforma especializada em conte\u00fados automotivos que tem como miss\u00e3o informar, inspirar e orientar apaixonados por carros e consumidores em busca das melhores escolhas. Criamos um espa\u00e7o onde tecnologia, mobilidade, inova\u00e7\u00e3o e estilo de vida sobre rodas se encontram. Aqui, voc\u00ea encontra &hellip; <\/p>","protected":false},"author":8,"featured_media":0,"parent":0,"menu_order":0,"comment_status":"closed","ping_status":"open","template":"","meta":{"footnotes":""},"class_list":["post-2","page","type-page","status-publish","hentry","fadeIn","image-hover-transition-effect","latest_post"],"yoast_head":"<!-- This site is optimized with the Yoast SEO plugin v27.3 - https:\/\/yoast.com\/product\/yoast-seo-wordpress\/ -->\n<title>Conte\u00fado Automotivo para Apaixonados por Carros |ATO4<\/title>\n<meta name=\"description\" content=\"Confira a Ato4! Site confi\u00e1vel de not\u00edcias, tend\u00eancias e dicas sobre carros. Informa\u00e7\u00f5es atualizadas para quem vive o mundo automotivo.\" \/>\n<meta name=\"robots\" content=\"index, follow, max-snippet:-1, max-image-preview:large, max-video-preview:-1\" \/>\n<link rel=\"canonical\" href=\"https:\/\/ato4.com\/el\/quem-somos\/\" \/>\n<meta property=\"og:locale\" content=\"el_GR\" \/>\n<meta property=\"og:type\" content=\"article\" \/>\n<meta property=\"og:title\" content=\"Conte\u00fado Automotivo para Apaixonados por Carros |ATO4\" \/>\n<meta property=\"og:description\" content=\"Confira a Ato4! Site confi\u00e1vel de not\u00edcias, tend\u00eancias e dicas sobre carros. Informa\u00e7\u00f5es atualizadas para quem vive o mundo automotivo.\" \/>\n<meta property=\"og:url\" content=\"https:\/\/ato4.com\/el\/quem-somos\/\" \/>\n<meta property=\"og:site_name\" content=\"Ato online\" \/>\n<meta property=\"article:modified_time\" content=\"2025-05-15T11:25:19+00:00\" \/>\n<meta name=\"twitter:card\" content=\"summary_large_image\" \/>\n<meta name=\"twitter:label1\" content=\"\u0395\u03ba\u03c4\u03b9\u03bc\u03ce\u03bc\u03b5\u03bd\u03bf\u03c2 \u03c7\u03c1\u03cc\u03bd\u03bf\u03c2 \u03b1\u03bd\u03ac\u03b3\u03bd\u03c9\u03c3\u03b7\u03c2\" \/>\n\t<meta name=\"twitter:data1\" content=\"1 \u03bb\u03b5\u03c0\u03c4\u03cc\" \/>\n<script type=\"application\/ld+json\" class=\"yoast-schema-graph\">{\"@context\":\"https:\\\/\\\/schema.org\",\"@graph\":[{\"@type\":\"WebPage\",\"@id\":\"https:\\\/\\\/ato4.com\\\/quem-somos\\\/\",\"url\":\"https:\\\/\\\/ato4.com\\\/quem-somos\\\/\",\"name\":\"Conte\u00fado Automotivo para Apaixonados por Carros |ATO4\",\"isPartOf\":{\"@id\":\"https:\\\/\\\/ato4.com\\\/#website\"},\"datePublished\":\"2021-05-24T17:33:31+00:00\",\"dateModified\":\"2025-05-15T11:25:19+00:00\",\"description\":\"Confira a Ato4! Site confi\u00e1vel de not\u00edcias, tend\u00eancias e dicas sobre carros. Informa\u00e7\u00f5es atualizadas para quem vive o mundo automotivo.\",\"breadcrumb\":{\"@id\":\"https:\\\/\\\/ato4.com\\\/quem-somos\\\/#breadcrumb\"},\"inLanguage\":\"el\",\"potentialAction\":[{\"@type\":\"ReadAction\",\"target\":[\"https:\\\/\\\/ato4.com\\\/quem-somos\\\/\"]}]},{\"@type\":\"BreadcrumbList\",\"@id\":\"https:\\\/\\\/ato4.com\\\/quem-somos\\\/#breadcrumb\",\"itemListElement\":[{\"@type\":\"ListItem\",\"position\":1,\"name\":\"Home\",\"item\":\"https:\\\/\\\/ato4.com\\\/\"},{\"@type\":\"ListItem\",\"position\":2,\"name\":\"Quem Somos\"}]},{\"@type\":\"WebSite\",\"@id\":\"https:\\\/\\\/ato4.com\\\/#website\",\"url\":\"https:\\\/\\\/ato4.com\\\/\",\"name\":\"Ato online\",\"description\":\"\",\"publisher\":{\"@id\":\"https:\\\/\\\/ato4.com\\\/#organization\"},\"potentialAction\":[{\"@type\":\"SearchAction\",\"target\":{\"@type\":\"EntryPoint\",\"urlTemplate\":\"https:\\\/\\\/ato4.com\\\/?s={search_term_string}\"},\"query-input\":{\"@type\":\"PropertyValueSpecification\",\"valueRequired\":true,\"valueName\":\"search_term_string\"}}],\"inLanguage\":\"el\"},{\"@type\":\"Organization\",\"@id\":\"https:\\\/\\\/ato4.com\\\/#organization\",\"name\":\"Ato online\",\"url\":\"https:\\\/\\\/ato4.com\\\/\",\"logo\":{\"@type\":\"ImageObject\",\"inLanguage\":\"el\",\"@id\":\"https:\\\/\\\/ato4.com\\\/#\\\/schema\\\/logo\\\/image\\\/\",\"url\":\"https:\\\/\\\/ato4.com\\\/wp-content\\\/uploads\\\/2024\\\/01\\\/cropped-ato.png\",\"contentUrl\":\"https:\\\/\\\/ato4.com\\\/wp-content\\\/uploads\\\/2024\\\/01\\\/cropped-ato.png\",\"width\":500,\"height\":344,\"caption\":\"Ato online \"},\"image\":{\"@id\":\"https:\\\/\\\/ato4.com\\\/#\\\/schema\\\/logo\\\/image\\\/\"}}]}<\/script>\n<!-- \/ Yoast SEO plugin. -->","yoast_head_json":{"title":"Conte\u00fado Automotivo para Apaixonados por Carros |ATO4","description":"Confira a Ato4! Site confi\u00e1vel de not\u00edcias, tend\u00eancias e dicas sobre carros. Informa\u00e7\u00f5es atualizadas para quem vive o mundo automotivo.","robots":{"index":"index","follow":"follow","max-snippet":"max-snippet:-1","max-image-preview":"max-image-preview:large","max-video-preview":"max-video-preview:-1"},"canonical":"https:\/\/ato4.com\/el\/quem-somos\/","og_locale":"el_GR","og_type":"article","og_title":"Conte\u00fado Automotivo para Apaixonados por Carros |ATO4","og_description":"Confira a Ato4! Site confi\u00e1vel de not\u00edcias, tend\u00eancias e dicas sobre carros. Informa\u00e7\u00f5es atualizadas para quem vive o mundo automotivo.","og_url":"https:\/\/ato4.com\/el\/quem-somos\/","og_site_name":"Ato online","article_modified_time":"2025-05-15T11:25:19+00:00","twitter_card":"summary_large_image","twitter_misc":{"\u0395\u03ba\u03c4\u03b9\u03bc\u03ce\u03bc\u03b5\u03bd\u03bf\u03c2 \u03c7\u03c1\u03cc\u03bd\u03bf\u03c2 \u03b1\u03bd\u03ac\u03b3\u03bd\u03c9\u03c3\u03b7\u03c2":"1 \u03bb\u03b5\u03c0\u03c4\u03cc"},"schema":{"@context":"https:\/\/schema.org","@graph":[{"@type":"WebPage","@id":"https:\/\/ato4.com\/quem-somos\/","url":"https:\/\/ato4.com\/quem-somos\/","name":"Conte\u00fado Automotivo para Apaixonados por Carros |ATO4","isPartOf":{"@id":"https:\/\/ato4.com\/#website"},"datePublished":"2021-05-24T17:33:31+00:00","dateModified":"2025-05-15T11:25:19+00:00","description":"Confira a Ato4! Site confi\u00e1vel de not\u00edcias, tend\u00eancias e dicas sobre carros. Informa\u00e7\u00f5es atualizadas para quem vive o mundo automotivo.","breadcrumb":{"@id":"https:\/\/ato4.com\/quem-somos\/#breadcrumb"},"inLanguage":"el","potentialAction":[{"@type":"ReadAction","target":["https:\/\/ato4.com\/quem-somos\/"]}]},{"@type":"BreadcrumbList","@id":"https:\/\/ato4.com\/quem-somos\/#breadcrumb","itemListElement":[{"@type":"ListItem","position":1,"name":"Home","item":"https:\/\/ato4.com\/"},{"@type":"ListItem","position":2,"name":"Quem Somos"}]},{"@type":"WebSite","@id":"https:\/\/ato4.com\/#website","url":"https:\/\/ato4.com\/","name":"\u03b4\u03b9\u03b1\u03b4\u03b9\u03ba\u03c4\u03c5\u03b1\u03ba\u03ae \u03c0\u03c1\u03ac\u03be\u03b7","description":"","publisher":{"@id":"https:\/\/ato4.com\/#organization"},"potentialAction":[{"@type":"SearchAction","target":{"@type":"EntryPoint","urlTemplate":"https:\/\/ato4.com\/?s={search_term_string}"},"query-input":{"@type":"PropertyValueSpecification","valueRequired":true,"valueName":"search_term_string"}}],"inLanguage":"el"},{"@type":"Organization","@id":"https:\/\/ato4.com\/#organization","name":"\u03b4\u03b9\u03b1\u03b4\u03b9\u03ba\u03c4\u03c5\u03b1\u03ba\u03ae \u03c0\u03c1\u03ac\u03be\u03b7","url":"https:\/\/ato4.com\/","logo":{"@type":"ImageObject","inLanguage":"el","@id":"https:\/\/ato4.com\/#\/schema\/logo\/image\/","url":"https:\/\/ato4.com\/wp-content\/uploads\/2024\/01\/cropped-ato.png","contentUrl":"https:\/\/ato4.com\/wp-content\/uploads\/2024\/01\/cropped-ato.png","width":500,"height":344,"caption":"Ato online "},"image":{"@id":"https:\/\/ato4.com\/#\/schema\/logo\/image\/"}}]}},"_links":{"self":[{"href":"https:\/\/ato4.com\/el\/wp-json\/wp\/v2\/pages\/2","targetHints":{"allow":["GET"]}}],"collection":[{"href":"https:\/\/ato4.com\/el\/wp-json\/wp\/v2\/pages"}],"about":[{"href":"https:\/\/ato4.com\/el\/wp-json\/wp\/v2\/types\/page"}],"author":[{"embeddable":true,"href":"https:\/\/ato4.com\/el\/wp-json\/wp\/v2\/users\/8"}],"replies":[{"embeddable":true,"href":"https:\/\/ato4.com\/el\/wp-json\/wp\/v2\/comments?post=2"}],"version-history":[{"count":3,"href":"https:\/\/ato4.com\/el\/wp-json\/wp\/v2\/pages\/2\/revisions"}],"predecessor-version":[{"id":9734,"href":"https:\/\/ato4.com\/el\/wp-json\/wp\/v2\/pages\/2\/revisions\/9734"}],"wp:attachment":[{"href":"https:\/\/ato4.com\/el\/wp-json\/wp\/v2\/media?parent=2"}],"curies":[{"name":"wp","href":"https:\/\/api.w.org\/{rel}","templated":true}]}}